{"id":7089,"date":"2020-10-01T10:27:00","date_gmt":"2020-10-01T08:27:00","guid":{"rendered":"https:\/\/www.veryrice.sk\/?page_id=7089"},"modified":"2026-02-17T13:11:30","modified_gmt":"2026-02-17T12:11:30","slug":"produkty-veryrice","status":"publish","type":"page","link":"https:\/\/www.veryrice.sk\/hu\/produkty-veryrice\/","title":{"rendered":"Ismerje meg a Very Rice-t"},"content":{"rendered":"<!-- CWS Row --><div class=\"cws-content\"><div class=\"vc_row wpb_row vc_row-fluid vc_custom_1635418577061\"><div class='cws-image-bg vc_custom_1635418577061' ><\/div><div class=\"wpb_column vc_column_container vc_col-sm-12 cws-column\"><div class=\"cws_vc_column-inner\"><div class=\"wpb_column vc_column_container vc_col-sm-12\"><div class=\"vc_column-inner\"><div class=\"wpb_wrapper\"><div class='cws_textmodule cws_vc_shortcode_module' id='cws_textmodule_69f8879f7d1f4'><div class='cws_textmodule_wrapper add_divider divider_style_underline icon_pos_above'><div class='cws_textmodule_text text_align_center'><div class='cws_textmodule_titles'><div class='cws_textmodule_aside'><h2 class='cws_textmodule_title'><span>Spoznajte produkty VeryRice<\/span><\/h2><\/div><\/div><\/div><\/div><\/div><\/div><\/div><\/div><!-- CWS Column --> <\/div><\/div><\/div><\/div><!-- CWS Row --><div class=\"cws-content\"><div class=\"vc_row wpb_row vc_row-fluid\"><div class='cws-image-bg' ><\/div><div class=\"wpb_column vc_column_container vc_col-sm-6 cws-column\"><div class=\"cws_vc_column-inner\"><div class=\"wpb_column vc_column_container vc_col-sm-6\"><div class=\"vc_column-inner\"><div class=\"wpb_wrapper\"><section id='cws_portfolio_posts_grid_69f8879f7da62' class='posts_grid cws_portfolio_posts_grid cws_portfolio_posts_grid posts_grid_1 posts_grid_carousel meta_show simple_filter appear_style render_styles' data-style='&quot;\\n\\t\\t.grid_row:not(.related_portfolio) #cws_portfolio_posts_grid_69f8879f7da62 .cws_portfolio_content_wrap {\\n\\t\\t\\tbackground: rgba(184,197,228,0.15);\\n\\t\\t}&quot;' data-col='1'><h2 class='widgettitle text_aligncenter'>VeryRice Bilberry<\/h2><div class='cws_vc_shortcode_wrapper'><div class='cws_vc_shortcode_grid'><div class='grid-sizer'><\/div><article id='post_post_69f8879f7f672' class='no_tax item portfolio_item_post portfolio_item_grid_post item clearfix under_img appear_style'   ><div class='item_content_wrapper'><div class='item_content'><div class='post_media post_post_media post_posts_grid_post_media'><div class='pic'><img src='https:\/\/www.veryrice.sk\/wp-content\/uploads\/2020\/08\/slider_bilberry_biely_049202920_7020.jpg' data-no-retina alt='slider_bilberry_biely' \/><\/div><div class='cws_portfolio_content_wrap'><div class='links_wrap'><\/div><a href='https:\/\/www.veryrice.sk\/hu\/produkty\/veryrice-bilberry\/' class='links area'><\/a><\/div><\/div><div class='under_image_portfolio'><div class='cws_portfolio_posts_grid_post_content post_content text_aligncenter'>Ferment\u00e1lt rizsk\u00e9sz\u00edtm\u00e9ny \u00e1fony\u00e1val \u00e9s veg\u00e1n joghurt kult\u00far\u00e1kkal. A praktikus csomagol\u00e1snak k\u00f6sz\u00f6nhet\u0151en \u00fatk\u00f6zben is fogyaszthat\u00f3.<\/div><div class='sc_button_wrapper align-center'><div class='cws_custom_button_wrapper default small'><span><a href='https:\/\/www.veryrice.sk\/hu\/produkty\/veryrice-bilberry\/' class='cws_custom_button'>\u00d6ssze\u00e1ll\u00edt\u00e1s megjelen\u00edt\u00e9se<\/a><\/span><\/div><\/div><\/div><\/div><\/article><\/div><\/div><\/section><section id='cws_portfolio_posts_grid_69f8879f7f979' class='posts_grid cws_portfolio_posts_grid cws_portfolio_posts_grid posts_grid_1 posts_grid_grid meta_show simple_filter appear_style render_styles' data-style='&quot;\\n\\t\\t.grid_row:not(.related_portfolio) #cws_portfolio_posts_grid_69f8879f7f979 .cws_portfolio_content_wrap {\\n\\t\\t\\tbackground: rgba(223,187,214,0.15);\\n\\t\\t}&quot;' data-col='1'><h2 class='widgettitle text_aligncenter'>VeryRice Raspberry<\/h2><div class='cws_vc_shortcode_wrapper'><div class='cws_vc_shortcode_grid'><div class='grid-sizer'><\/div><article id='post_post_69f8879f803f4' class='no_tax item portfolio_item_post portfolio_item_grid_post item clearfix under_img appear_style hoverdef'    data-item-anim='transition.slideLeftBigIn'><div class='item_content_wrapper'><div class='item_content'><div class='post_media post_post_media post_posts_grid_post_media'><div class='pic'><img src='https:\/\/www.veryrice.sk\/wp-content\/uploads\/2020\/08\/slider_raspberry_biely_049202920_7019.jpg' data-no-retina alt='slider_raspberry_biely' \/><\/div><div class='cws_portfolio_content_wrap'><div class='links_wrap'><\/div><a href='https:\/\/www.veryrice.sk\/hu\/produkty\/veryrice-raspberry\/' class='links area'><\/a><\/div><\/div><div class='under_image_portfolio'><div class='cws_portfolio_posts_grid_post_content post_content text_aligncenter'>Ferment\u00e1lt rizsk\u00e9sz\u00edtm\u00e9ny m\u00e1ln\u00e1val \u00e9s veg\u00e1n joghurt kult\u00far\u00e1kkal. A praktikus csomagol\u00e1snak k\u00f6sz\u00f6nhet\u0151en \u00fatk\u00f6zben is fogyaszthat\u00f3.<\/div><div class='sc_button_wrapper align-center'><div class='cws_custom_button_wrapper default small'><span><a href='https:\/\/www.veryrice.sk\/hu\/produkty\/veryrice-raspberry\/' class='cws_custom_button'>\u00d6ssze\u00e1ll\u00edt\u00e1s megjelen\u00edt\u00e9se<\/a><\/span><\/div><\/div><\/div><\/div><\/article><\/div><\/div><\/section><\/div><\/div><\/div><!-- CWS Column --> <\/div><\/div><div class=\"wpb_column vc_column_container vc_col-sm-6 cws-column\"><div class=\"cws_vc_column-inner\"><div class=\"wpb_column vc_column_container vc_col-sm-6\"><div class=\"vc_column-inner\"><div class=\"wpb_wrapper\"><section id='cws_portfolio_posts_grid_69f8879f8099f' class='posts_grid cws_portfolio_posts_grid cws_portfolio_posts_grid posts_grid_1 posts_grid_grid meta_show simple_filter appear_style render_styles' data-style='&quot;\\n\\t\\t.grid_row:not(.related_portfolio) #cws_portfolio_posts_grid_69f8879f8099f .cws_portfolio_content_wrap {\\n\\t\\t\\tbackground: rgba(237,175,178,0.15);\\n\\t\\t}\\n\\t\\t.grid_row:not(.related_portfolio) #cws_portfolio_posts_grid_69f8879f8099f .cws_portfolio_post_title a,\\n\\t\\t.grid_row:not(.related_portfolio) #cws_portfolio_posts_grid_69f8879f8099f .links_wrap a,\\n\\t\\t.grid_row:not(.related_portfolio) #cws_portfolio_posts_grid_69f8879f8099f .gallery_post_carousel_nav,\\n\\t\\t.grid_row:not(.related_portfolio) #cws_portfolio_posts_grid_69f8879f8099f .links.video,\\n\\t\\t.grid_row:not(.related_portfolio) #cws_portfolio_posts_grid_69f8879f8099f .post_content{\\n\\t\\t\\tcolor: #000000;\\n\\t\\t}\\n\\t\\t.grid_row:not(.related_portfolio) #cws_portfolio_posts_grid_69f8879f8099f .portfolio_item_post.hoverbi .hover-effect:before, \\n\\t\\t.grid_row:not(.related_portfolio) #cws_portfolio_posts_grid_69f8879f8099f .portfolio_item_post.hoverbi2 .hover-effect:before, \\n\\t\\t.grid_row:not(.related_portfolio) #cws_portfolio_posts_grid_69f8879f8099f .portfolio_item_post.hoverbi2 .hover-effect:after{\\n\\t\\t\\tborder-color: #000000;\\n\\t\\t}&quot;' data-col='1'><h2 class='widgettitle text_aligncenter'>VeryRice Sour Cherry<\/h2><div class='cws_vc_shortcode_wrapper'><div class='cws_vc_shortcode_grid'><div class='grid-sizer'><\/div><article id='post_post_69f8879f81534' class='no_tax item portfolio_item_post portfolio_item_grid_post item clearfix under_img appear_style hoverdef'    data-item-anim='transition.slideRightBigIn'><div class='item_content_wrapper'><div class='item_content'><div class='post_media post_post_media post_posts_grid_post_media'><div class='pic'><img src='https:\/\/www.veryrice.sk\/wp-content\/uploads\/2020\/08\/slider_cherry_biely_049202920_7021.jpg' data-no-retina alt='slider_cherry_biely' \/><\/div><div class='cws_portfolio_content_wrap'><div class='links_wrap'><\/div><a href='https:\/\/www.veryrice.sk\/hu\/produkty\/veryrice-sour-cherry\/' class='links area'><\/a><\/div><\/div><div class='under_image_portfolio'><div class='cws_portfolio_posts_grid_post_content post_content text_aligncenter'>Ferment\u00e1lt rizsk\u00e9sz\u00edtm\u00e9ny meggyel \u00e9s veg\u00e1n joghurt kult\u00far\u00e1kkal. A praktikus csomagol\u00e1snak k\u00f6sz\u00f6nhet\u0151en \u00fatk\u00f6zben is fogyaszthat\u00f3.<\/div><div class='sc_button_wrapper align-center'><div class='cws_custom_button_wrapper default small'><span><a href='https:\/\/www.veryrice.sk\/hu\/produkty\/veryrice-sour-cherry\/' class='cws_custom_button'>\u00d6ssze\u00e1ll\u00edt\u00e1s megjelen\u00edt\u00e9se<\/a><\/span><\/div><\/div><\/div><\/div><\/article><\/div><\/div><\/section><\/div><\/div><\/div><!-- CWS Column --> <\/div><\/div><\/div><\/div>","protected":false},"excerpt":{"rendered":"Fermentovan\u00fd ry\u017eov\u00fd v\u00fdrobok s vi\u0161\u0148ami a veg\u00e1nskymi jogurtov\u00fdmi kult\u00farami. V praktickej kapsi\u010dke s uzatv\u00e1ran\u00edm v\u00e1s m\u00f4\u017ee sprev\u00e1dza\u0165 v\u017edy a v\u0161ade. Prirodzene bez lakt\u00f3zy Bezglut\u00e9nov\u00fd Neobsahuje s\u00f3ju 100% veg\u00e1nsky 100% recyklovate\u013en\u00fd Vyroben\u00fd na Slovensku VeryRice v\u00a0sebe sp\u00e1ja tradi\u010dn\u00fa v\u00fdrobu s\u00a0netradi\u010dnou recept\u00farou. T\u00e1to pr\u00edchu\u0165 vznikla zmie\u0161an\u00edm ry\u017eov\u00e9ho z\u00e1kladu, svie\u017eej chute vi\u0161n\u00ed a\u00a0viac ako 20 rokov na\u0161ich sk\u00fasenost\u00ed.. Modern\u00fd koncept a\u00a0rastlinn\u00e9 ingrediencie sme obohatili po st\u00e1ro\u010dia zn\u00e1mym procesom ferment\u00e1cie. Kvasen\u00edm tak podporujeme tr\u00e1venie, zabezpe\u010dujeme kvalitu a\u00a0trvanlivos\u0165 v\u00fdrobkov VeryRice, a\u00a0to bez umel\u00fdch konzervantov. Zlo\u017eenie VeryRice je pre veg\u00e1nov aj \u201eneveg\u00e1nov\u201c 100 % rastlinn\u00e9 zlo\u017eenie 85 % ry\u017eov\u00fd z\u00e1klad (voda, 10 % ry\u017ea, cukor, slne\u010dnicov\u00fd olej, emulg\u00e1tor: lecit\u00edny, veg\u00e1nske jogurtov\u00e9 kult\u00fary) 15 % ochucuj\u00faca zlo\u017eka (cukor, 27,6 % vi\u0161ne, voda, kukuri\u010dn\u00fd \u0161krob, 3 % vi\u0161\u0148ov\u00fd koncentr\u00e1t, pr\u00edrodn\u00e1 ar\u00f3ma, farbiaci koncentr\u00e1t z\u00a0\u010diernej mrkvy) bez alerg\u00e9nov V\u00fd\u017eivov\u00e9 \u00fadaje na 100 g: Energia: 384 kJ \/ 92 kcal Tuky: 1,9 g z toho nas\u00fdten\u00e9 mastn\u00e9 kyseliny: 0,2 g Sacharidy: 18 g z toho cukry: 10,9 g Bielkoviny: 0,7 g So\u013e: &lt;0,01 g Hmotnos\u0165: 120 g","protected":false},"author":1,"featured_media":0,"parent":0,"menu_order":0,"comment_status":"closed","ping_status":"closed","template":"","meta":[],"yoast_head":"<!-- This site is optimized with the Yoast SEO plugin v18.5.1 - https:\/\/yoast.com\/wordpress\/plugins\/seo\/ -->\n<title>Produkty VeryRice - zozn\u00e1mte sa!<\/title>\n<meta name=\"description\" content=\"Spoznajte produkty VeryRice. Fermentovan\u00fd ry\u017eov\u00fd v\u00fdrobok s ovoc\u00edm a veg\u00e1nskymi jogurtov\u00fdmi kult\u00farami v praktickom balen\u00ed.\" \/>\n<meta name=\"robots\" content=\"index, follow, max-snippet:-1, max-image-preview:large, max-video-preview:-1\" \/>\n<link rel=\"canonical\" href=\"https:\/\/www.veryrice.sk\/hu\/produkty-veryrice\/\" \/>\n<meta property=\"og:locale\" content=\"hu_HU\" \/>\n<meta property=\"og:type\" content=\"article\" \/>\n<meta property=\"og:title\" content=\"Produkty VeryRice - zozn\u00e1mte sa!\" \/>\n<meta property=\"og:description\" content=\"Spoznajte produkty VeryRice. Fermentovan\u00fd ry\u017eov\u00fd v\u00fdrobok s ovoc\u00edm a veg\u00e1nskymi jogurtov\u00fdmi kult\u00farami v praktickom balen\u00ed.\" \/>\n<meta property=\"og:url\" content=\"https:\/\/www.veryrice.sk\/hu\/produkty-veryrice\/\" \/>\n<meta property=\"og:site_name\" content=\"VeryRice\" \/>\n<meta property=\"article:publisher\" content=\"https:\/\/www.facebook.com\/veryrice.vegansky.snack\" \/>\n<meta property=\"article:modified_time\" content=\"2026-02-17T12:11:30+00:00\" \/>\n<meta property=\"og:image\" content=\"https:\/\/www.veryrice.sk\/wp-content\/uploads\/2021\/08\/OG-img.jpg\" \/>\n\t<meta property=\"og:image:width\" content=\"992\" \/>\n\t<meta property=\"og:image:height\" content=\"630\" \/>\n\t<meta property=\"og:image:type\" content=\"image\/jpeg\" \/>\n<meta name=\"twitter:card\" content=\"summary_large_image\" \/>\n<meta name=\"twitter:label1\" content=\"Becs\u00fclt olvas\u00e1si id\u0151\" \/>\n\t<meta name=\"twitter:data1\" content=\"1 perc\" \/>\n<script type=\"application\/ld+json\" class=\"yoast-schema-graph\">{\"@context\":\"https:\/\/schema.org\",\"@graph\":[{\"@type\":\"Organization\",\"@id\":\"https:\/\/www.veryrice.sk\/#organization\",\"name\":\"Very Rice\",\"url\":\"https:\/\/www.veryrice.sk\/\",\"sameAs\":[\"https:\/\/www.facebook.com\/veryrice.vegansky.snack\",\"https:\/\/www.instagram.com\/veryricesk\/\",\"https:\/\/www.youtube.com\/channel\/UC-AyLHXdqsQUa4pjiT3xCug\"],\"logo\":{\"@type\":\"ImageObject\",\"@id\":\"https:\/\/www.veryrice.sk\/#logo\",\"inLanguage\":\"hu\",\"url\":\"https:\/\/www.veryrice.sk\/wp-content\/uploads\/2020\/06\/very_rice_logo.png\",\"contentUrl\":\"https:\/\/www.veryrice.sk\/wp-content\/uploads\/2020\/06\/very_rice_logo.png\",\"width\":136,\"height\":92,\"caption\":\"Very Rice\"},\"image\":{\"@id\":\"https:\/\/www.veryrice.sk\/#logo\"}},{\"@type\":\"WebSite\",\"@id\":\"https:\/\/www.veryrice.sk\/#website\",\"url\":\"https:\/\/www.veryrice.sk\/\",\"name\":\"VeryRice\",\"description\":\"vegan fermented ricegurt\",\"publisher\":{\"@id\":\"https:\/\/www.veryrice.sk\/#organization\"},\"potentialAction\":[{\"@type\":\"SearchAction\",\"target\":{\"@type\":\"EntryPoint\",\"urlTemplate\":\"https:\/\/www.veryrice.sk\/?s={search_term_string}\"},\"query-input\":\"required name=search_term_string\"}],\"inLanguage\":\"hu\"},{\"@type\":\"WebPage\",\"@id\":\"https:\/\/www.veryrice.sk\/produkty-veryrice\/#webpage\",\"url\":\"https:\/\/www.veryrice.sk\/produkty-veryrice\/\",\"name\":\"Produkty VeryRice - zozn\u00e1mte sa!\",\"isPartOf\":{\"@id\":\"https:\/\/www.veryrice.sk\/#website\"},\"datePublished\":\"2020-10-01T08:27:00+00:00\",\"dateModified\":\"2026-02-17T12:11:30+00:00\",\"description\":\"Spoznajte produkty VeryRice. Fermentovan\u00fd ry\u017eov\u00fd v\u00fdrobok s ovoc\u00edm a veg\u00e1nskymi jogurtov\u00fdmi kult\u00farami v praktickom balen\u00ed.\",\"breadcrumb\":{\"@id\":\"https:\/\/www.veryrice.sk\/produkty-veryrice\/#breadcrumb\"},\"inLanguage\":\"hu\",\"potentialAction\":[{\"@type\":\"ReadAction\",\"target\":[\"https:\/\/www.veryrice.sk\/produkty-veryrice\/\"]}]},{\"@type\":\"BreadcrumbList\",\"@id\":\"https:\/\/www.veryrice.sk\/produkty-veryrice\/#breadcrumb\",\"itemListElement\":[{\"@type\":\"ListItem\",\"position\":1,\"name\":\"Domovsk\u00e1 str\u00e1nka\",\"item\":\"https:\/\/www.veryrice.sk\/\"},{\"@type\":\"ListItem\",\"position\":2,\"name\":\"Zozn\u00e1mte sa s VeryRice\"}]}]}<\/script>\n<!-- \/ Yoast SEO plugin. -->","yoast_head_json":{"title":"Produkty VeryRice - zozn\u00e1mte sa!","description":"Spoznajte produkty VeryRice. Fermentovan\u00fd ry\u017eov\u00fd v\u00fdrobok s ovoc\u00edm a veg\u00e1nskymi jogurtov\u00fdmi kult\u00farami v praktickom balen\u00ed.","robots":{"index":"index","follow":"follow","max-snippet":"max-snippet:-1","max-image-preview":"max-image-preview:large","max-video-preview":"max-video-preview:-1"},"canonical":"https:\/\/www.veryrice.sk\/hu\/produkty-veryrice\/","og_locale":"hu_HU","og_type":"article","og_title":"Produkty VeryRice - zozn\u00e1mte sa!","og_description":"Spoznajte produkty VeryRice. Fermentovan\u00fd ry\u017eov\u00fd v\u00fdrobok s ovoc\u00edm a veg\u00e1nskymi jogurtov\u00fdmi kult\u00farami v praktickom balen\u00ed.","og_url":"https:\/\/www.veryrice.sk\/hu\/produkty-veryrice\/","og_site_name":"VeryRice","article_publisher":"https:\/\/www.facebook.com\/veryrice.vegansky.snack","article_modified_time":"2026-02-17T12:11:30+00:00","og_image":[{"width":992,"height":630,"url":"https:\/\/www.veryrice.sk\/wp-content\/uploads\/2021\/08\/OG-img.jpg","type":"image\/jpeg"}],"twitter_card":"summary_large_image","twitter_misc":{"Becs\u00fclt olvas\u00e1si id\u0151":"1 perc"},"schema":{"@context":"https:\/\/schema.org","@graph":[{"@type":"Organization","@id":"https:\/\/www.veryrice.sk\/#organization","name":"Very Rice","url":"https:\/\/www.veryrice.sk\/","sameAs":["https:\/\/www.facebook.com\/veryrice.vegansky.snack","https:\/\/www.instagram.com\/veryricesk\/","https:\/\/www.youtube.com\/channel\/UC-AyLHXdqsQUa4pjiT3xCug"],"logo":{"@type":"ImageObject","@id":"https:\/\/www.veryrice.sk\/#logo","inLanguage":"hu","url":"https:\/\/www.veryrice.sk\/wp-content\/uploads\/2020\/06\/very_rice_logo.png","contentUrl":"https:\/\/www.veryrice.sk\/wp-content\/uploads\/2020\/06\/very_rice_logo.png","width":136,"height":92,"caption":"Very Rice"},"image":{"@id":"https:\/\/www.veryrice.sk\/#logo"}},{"@type":"WebSite","@id":"https:\/\/www.veryrice.sk\/#website","url":"https:\/\/www.veryrice.sk\/","name":"VeryRice","description":"vegan fermented ricegurt","publisher":{"@id":"https:\/\/www.veryrice.sk\/#organization"},"potentialAction":[{"@type":"SearchAction","target":{"@type":"EntryPoint","urlTemplate":"https:\/\/www.veryrice.sk\/?s={search_term_string}"},"query-input":"required name=search_term_string"}],"inLanguage":"hu"},{"@type":"WebPage","@id":"https:\/\/www.veryrice.sk\/produkty-veryrice\/#webpage","url":"https:\/\/www.veryrice.sk\/produkty-veryrice\/","name":"Produkty VeryRice - zozn\u00e1mte sa!","isPartOf":{"@id":"https:\/\/www.veryrice.sk\/#website"},"datePublished":"2020-10-01T08:27:00+00:00","dateModified":"2026-02-17T12:11:30+00:00","description":"Spoznajte produkty VeryRice. Fermentovan\u00fd ry\u017eov\u00fd v\u00fdrobok s ovoc\u00edm a veg\u00e1nskymi jogurtov\u00fdmi kult\u00farami v praktickom balen\u00ed.","breadcrumb":{"@id":"https:\/\/www.veryrice.sk\/produkty-veryrice\/#breadcrumb"},"inLanguage":"hu","potentialAction":[{"@type":"ReadAction","target":["https:\/\/www.veryrice.sk\/produkty-veryrice\/"]}]},{"@type":"BreadcrumbList","@id":"https:\/\/www.veryrice.sk\/produkty-veryrice\/#breadcrumb","itemListElement":[{"@type":"ListItem","position":1,"name":"Domovsk\u00e1 str\u00e1nka","item":"https:\/\/www.veryrice.sk\/"},{"@type":"ListItem","position":2,"name":"Zozn\u00e1mte sa s VeryRice"}]}]}},"_links":{"self":[{"href":"https:\/\/www.veryrice.sk\/hu\/wp-json\/wp\/v2\/pages\/7089"}],"collection":[{"href":"https:\/\/www.veryrice.sk\/hu\/wp-json\/wp\/v2\/pages"}],"about":[{"href":"https:\/\/www.veryrice.sk\/hu\/wp-json\/wp\/v2\/types\/page"}],"author":[{"embeddable":true,"href":"https:\/\/www.veryrice.sk\/hu\/wp-json\/wp\/v2\/users\/1"}],"replies":[{"embeddable":true,"href":"https:\/\/www.veryrice.sk\/hu\/wp-json\/wp\/v2\/comments?post=7089"}],"version-history":[{"count":3,"href":"https:\/\/www.veryrice.sk\/hu\/wp-json\/wp\/v2\/pages\/7089\/revisions"}],"predecessor-version":[{"id":7418,"href":"https:\/\/www.veryrice.sk\/hu\/wp-json\/wp\/v2\/pages\/7089\/revisions\/7418"}],"wp:attachment":[{"href":"https:\/\/www.veryrice.sk\/hu\/wp-json\/wp\/v2\/media?parent=7089"}],"curies":[{"name":"wp","href":"https:\/\/api.w.org\/{rel}","templated":true}]}}